{"id":4790,"date":"2023-12-10T20:07:09","date_gmt":"2023-12-10T19:07:09","guid":{"rendered":"https:\/\/psttsr.pl\/?page_id=4790"},"modified":"2024-02-21T17:05:21","modified_gmt":"2024-02-21T16:05:21","slug":"ubezpieczenie","status":"publish","type":"page","link":"https:\/\/psttsr.pl\/?page_id=4790","title":{"rendered":"UBEZPIECZENIE"},"content":{"rendered":"\t\t<div data-elementor-type=\"wp-page\" data-elementor-id=\"4790\" class=\"elementor elementor-4790\">\n\t\t\t\t\t\t<section class=\"elementor-section elementor-top-section elementor-element elementor-element-4b70a067 elementor-section-full_width elementor-section-height-min-height elementor-section-height-default elementor-section-items-middle\" data-id=\"4b70a067\" data-element_type=\"section\" data-settings=\"{&quot;background_background&quot;:&quot;classic&quot;,&quot;shape_divider_top&quot;:&quot;opacity-tilt&quot;,&quot;shape_divider_bottom&quot;:&quot;opacity-tilt&quot;}\">\n\t\t\t\t\t\t\t<div class=\"elementor-background-overlay\"><\/div>\n\t\t\t\t\t\t<div class=\"elementor-shape elementor-shape-top\" aria-hidden=\"true\" data-negative=\"false\">\n\t\t\t<svg xmlns=\"http:\/\/www.w3.org\/2000\/svg\" viewBox=\"0 0 2600 131.1\" preserveAspectRatio=\"none\">\n\t<path class=\"elementor-shape-fill\" d=\"M0 0L2600 0 2600 69.1 0 0z\"\/>\n\t<path class=\"elementor-shape-fill\" style=\"opacity:0.5\" d=\"M0 0L2600 0 2600 69.1 0 69.1z\"\/>\n\t<path class=\"elementor-shape-fill\" style=\"opacity:0.25\" d=\"M2600 0L0 0 0 130.1 2600 69.1z\"\/>\n<\/svg>\t\t<\/div>\n\t\t\t\t<div class=\"elementor-shape elementor-shape-bottom\" aria-hidden=\"true\" data-negative=\"false\">\n\t\t\t<svg xmlns=\"http:\/\/www.w3.org\/2000\/svg\" viewBox=\"0 0 2600 131.1\" preserveAspectRatio=\"none\">\n\t<path class=\"elementor-shape-fill\" d=\"M0 0L2600 0 2600 69.1 0 0z\"\/>\n\t<path class=\"elementor-shape-fill\" style=\"opacity:0.5\" d=\"M0 0L2600 0 2600 69.1 0 69.1z\"\/>\n\t<path class=\"elementor-shape-fill\" style=\"opacity:0.25\" d=\"M2600 0L0 0 0 130.1 2600 69.1z\"\/>\n<\/svg>\t\t<\/div>\n\t\t\t\t\t<div class=\"elementor-container elementor-column-gap-wide\">\n\t\t\t\t\t<div class=\"elementor-column elementor-col-100 elementor-top-column elementor-element elementor-element-280b1a3f\" data-id=\"280b1a3f\" data-element_type=\"column\">\n\t\t\t<div class=\"elementor-widget-wrap elementor-element-populated\">\n\t\t\t\t\t\t<div class=\"elementor-element elementor-element-777ba067 elementor-widget elementor-widget-heading\" data-id=\"777ba067\" data-element_type=\"widget\" data-widget_type=\"heading.default\">\n\t\t\t\t<div class=\"elementor-widget-container\">\n\t\t\t\t\t<h2 class=\"elementor-heading-title elementor-size-default\">UBEZPIECZENIE<\/h2>\t\t\t\t<\/div>\n\t\t\t\t<\/div>\n\t\t\t\t\t<\/div>\n\t\t<\/div>\n\t\t\t\t\t<\/div>\n\t\t<\/section>\n\t\t\t\t<section class=\"elementor-section elementor-top-section elementor-element elementor-element-221b200 elementor-section-full_width elementor-section-height-default elementor-section-height-default\" data-id=\"221b200\" data-element_type=\"section\" data-settings=\"{&quot;background_background&quot;:&quot;classic&quot;}\">\n\t\t\t\t\t\t<div class=\"elementor-container elementor-column-gap-wide\">\n\t\t\t\t\t<div class=\"elementor-column elementor-col-100 elementor-top-column elementor-element elementor-element-1491e86a\" data-id=\"1491e86a\" data-element_type=\"column\">\n\t\t\t<div class=\"elementor-widget-wrap elementor-element-populated\">\n\t\t\t\t\t\t<section class=\"elementor-section elementor-inner-section elementor-element elementor-element-4ba4fcb5 elementor-section-boxed elementor-section-height-default elementor-section-height-default\" data-id=\"4ba4fcb5\" data-element_type=\"section\">\n\t\t\t\t\t\t<div class=\"elementor-container elementor-column-gap-default\">\n\t\t\t\t\t<div class=\"elementor-column elementor-col-100 elementor-inner-column elementor-element elementor-element-254f0b6b\" data-id=\"254f0b6b\" data-element_type=\"column\">\n\t\t\t<div class=\"elementor-widget-wrap elementor-element-populated\">\n\t\t\t\t\t\t<div class=\"elementor-element elementor-element-281da483 elementor-widget elementor-widget-heading\" data-id=\"281da483\" data-element_type=\"widget\" data-widget_type=\"heading.default\">\n\t\t\t\t<div class=\"elementor-widget-container\">\n\t\t\t\t\t<h3 class=\"elementor-heading-title elementor-size-default\">Ubezpieczenie zawodowe<\/h3>\t\t\t\t<\/div>\n\t\t\t\t<\/div>\n\t\t\t\t<div class=\"elementor-element elementor-element-38ba6427 elementor-widget elementor-widget-heading\" data-id=\"38ba6427\" data-element_type=\"widget\" data-widget_type=\"heading.default\">\n\t\t\t\t<div class=\"elementor-widget-container\">\n\t\t\t\t\t<h3 class=\"elementor-heading-title elementor-size-default\">cz\u0142onki\u0144 i cz\u0142onk\u00f3w Polskiego Stowarzyszenia Terapeut\u00f3w <br>Terapii Skoncentrowanej na Rozwi\u0105zaniach<\/h3>\t\t\t\t<\/div>\n\t\t\t\t<\/div>\n\t\t\t\t<div class=\"elementor-element elementor-element-1db5c196 elementor-widget-divider--view-line elementor-widget elementor-widget-divider\" data-id=\"1db5c196\" data-element_type=\"widget\" data-widget_type=\"divider.default\">\n\t\t\t\t<div class=\"elementor-widget-container\">\n\t\t\t\t\t\t\t<div class=\"elementor-divider\">\n\t\t\t<span class=\"elementor-divider-separator\">\n\t\t\t\t\t\t<\/span>\n\t\t<\/div>\n\t\t\t\t\t\t<\/div>\n\t\t\t\t<\/div>\n\t\t\t\t<div class=\"elementor-element elementor-element-6789cb0c elementor-widget elementor-widget-text-editor\" data-id=\"6789cb0c\" data-element_type=\"widget\" data-widget_type=\"text-editor.default\">\n\t\t\t\t<div class=\"elementor-widget-container\">\n\t\t\t\t\t\t\t\t\t<p><span style=\"font-size: 16px;\">Kieruj\u0105c si\u0119 trosk\u0105 i ch\u0119ci\u0105 wsparcia cz\u0142onki\u0144 i cz\u0142onk\u00f3w naszego Stowarzyszenia, z rado\u015bci\u0105 i dum\u0105 informujemy, \u017ce nawi\u0105zali\u015bmy wsp\u00f3\u0142prac\u0119 z towarzystwem ubezpieczeniowym Ergo Hestia! W efekcie zawi\u0105zanej wsp\u00f3\u0142pracy powsta\u0142 program ubezpieczenia zawodowego dla cz\u0142onki\u0144 i cz\u0142onk\u00f3w Polskiego Stowarzyszenia Terapeut\u00f3w Terapii Skoncentrowanej na Rozwi\u0105zaniach!<\/span><\/p>\n<p>Program zapewnia kompleksow\u0105 ochron\u0119 przed ryzykami specyficznymi dla zawodu terapeuty\/psychoterapeuty i zawod\u00f3w pokrewnych.<\/p>\n<p>Posiadanie ubezpieczenia zawodowego jest wa\u017cne nie tylko ze wzgl\u0119du na odpowiedzialno\u015b\u0107 wobec klient\u00f3w oraz profesjonalne podej\u015bcie do zawodu, ale te\u017c wym\u00f3g stawiany przez wi\u0119kszo\u015b\u0107 plac\u00f3wek (np. przy wsp\u00f3\u0142pracy z NFZ). Dodatkowo niewystarczaj\u0105ce regulacje prawne dotycz\u0105ce psychoterapii sprawiaj\u0105, \u017ce ochrona prawna tworzono przez r\u00f3\u017cnego rodzaju ubezpieczycieli dla naszej grupy zawodowej nie zawsze jest w\u0142a\u015bciwie przygotowana.<\/p>\n<p>Dlatego rekomendujemy przygotowany w porozumieniu z ERGO Hestia program ubezpieczenia, jako gwarantuj\u0105cy bardzo szeroki zakres ochrony. Ubezpieczenie ma charakter polisy grupowej.&nbsp;<\/p>\n<p style=\"font-variant-caps: normal; font-family: 'PT Sans', sans-serif; font-size: 16px; font-style: normal;\"><b style=\"font-size: 16px;\">Korzy\u015bci:<\/b><\/p>\n<ul style=\"font-variant-caps: normal; font-family: 'PT Sans', sans-serif; font-size: 16px; font-style: normal;\">\n<li style=\"font-size: 16px;\">bardzo szeroki zakres&nbsp; ochrony,<\/li>\n<li style=\"font-size: 16px;\">polisa uwzgl\u0119dnia specyfik\u0119 psychoterapii,<\/li>\n<li style=\"font-size: 16px;\">niska sk\u0142adka (program grupowy),<\/li>\n<li style=\"font-size: 16px;\">mo\u017cliwo\u015b\u0107 skorzystania zar\u00f3wno przez osoby, kt\u00f3re posiadaj\u0105 certyfikat, jak i osoby b\u0119d\u0105ce w procesie kszta\u0142cenia\/certyfikacji,<\/li>\n<li style=\"font-size: 16px;\">\n<p style=\"font-size: 16px;\">wiod\u0105cy ubezpieczyciel &#8211; Ergo Hestia.<\/p>\n<\/li>\n<\/ul>\n<p><b>Przyst\u0105pienie do ubezpieczenia i op\u0142acenie sk\u0142adki mo\u017cliwe jest dzi\u0119ki platformie do zawierania ubezpiecze\u0144<\/b><\/p>\t\t\t\t\t\t\t\t<\/div>\n\t\t\t\t<\/div>\n\t\t\t\t<div class=\"elementor-element elementor-element-31ef64b elementor-align-center elementor-widget elementor-widget-button\" data-id=\"31ef64b\" data-element_type=\"widget\" data-widget_type=\"button.default\">\n\t\t\t\t<div class=\"elementor-widget-container\">\n\t\t\t\t\t\t\t\t\t<div class=\"elementor-button-wrapper\">\n\t\t\t\t\t<a class=\"elementor-button elementor-button-link elementor-size-sm elementor-animation-shrink\" href=\"https:\/\/psttsr.polisadlapsychoterapeuty.pl\" target=\"_blank\">\n\t\t\t\t\t\t<span class=\"elementor-button-content-wrapper\">\n\t\t\t\t\t\t\t\t\t<span class=\"elementor-button-text\">Wykup ubezpieczenie<\/span>\n\t\t\t\t\t<\/span>\n\t\t\t\t\t<\/a>\n\t\t\t\t<\/div>\n\t\t\t\t\t\t\t\t<\/div>\n\t\t\t\t<\/div>\n\t\t\t\t<div class=\"elementor-element elementor-element-b037a26 elementor-widget elementor-widget-text-editor\" data-id=\"b037a26\" data-element_type=\"widget\" data-widget_type=\"text-editor.default\">\n\t\t\t\t<div class=\"elementor-widget-container\">\n\t\t\t\t\t\t\t\t\t<p><i style=\"font-size: 16px;\">*<span style=\"font-size: 16px; font-variant-caps: normal;\">Warunkiem przyst\u0105pienia jest cz\u0142onkostwo w Polskim Stowarzyszeniu Terapeut\u00f3w Terapii Skoncentrowanej na Rozwi\u0105zaniach, wskazanie oczekiwanego zakresu ochrony oraz op\u0142acenie sk\u0142adki ubezpieczeniowej.\u00a0<\/span><span style=\"font-size: 16px;\">PSTTSR nie po\u015bredniczy w przygotowywaniu ubezpieczenia.\u00a0<\/span><span style=\"font-family: 'PT Sans', sans-serif; font-size: 16px; font-variant-caps: normal;\">Wszelkie informacje i kontakt znajduj\u0105 si\u0119 na stronie.<\/span><\/i><\/p>\t\t\t\t\t\t\t\t<\/div>\n\t\t\t\t<\/div>\n\t\t\t\t\t<\/div>\n\t\t<\/div>\n\t\t\t\t\t<\/div>\n\t\t<\/section>\n\t\t\t\t\t<\/div>\n\t\t<\/div>\n\t\t\t\t\t<\/div>\n\t\t<\/section>\n\t\t\t\t<section class=\"elementor-section elementor-top-section elementor-element elementor-element-742d7177 elementor-section-full_width elementor-section-height-default elementor-section-height-default\" data-id=\"742d7177\" data-element_type=\"section\" data-settings=\"{&quot;background_background&quot;:&quot;classic&quot;,&quot;shape_divider_top&quot;:&quot;opacity-tilt&quot;,&quot;shape_divider_bottom&quot;:&quot;opacity-tilt&quot;}\">\n\t\t\t\t\t\t\t<div class=\"elementor-background-overlay\"><\/div>\n\t\t\t\t\t\t<div class=\"elementor-shape elementor-shape-top\" aria-hidden=\"true\" data-negative=\"false\">\n\t\t\t<svg xmlns=\"http:\/\/www.w3.org\/2000\/svg\" viewBox=\"0 0 2600 131.1\" preserveAspectRatio=\"none\">\n\t<path class=\"elementor-shape-fill\" d=\"M0 0L2600 0 2600 69.1 0 0z\"\/>\n\t<path class=\"elementor-shape-fill\" style=\"opacity:0.5\" d=\"M0 0L2600 0 2600 69.1 0 69.1z\"\/>\n\t<path class=\"elementor-shape-fill\" style=\"opacity:0.25\" d=\"M2600 0L0 0 0 130.1 2600 69.1z\"\/>\n<\/svg>\t\t<\/div>\n\t\t\t\t<div class=\"elementor-shape elementor-shape-bottom\" aria-hidden=\"true\" data-negative=\"false\">\n\t\t\t<svg xmlns=\"http:\/\/www.w3.org\/2000\/svg\" viewBox=\"0 0 2600 131.1\" preserveAspectRatio=\"none\">\n\t<path class=\"elementor-shape-fill\" d=\"M0 0L2600 0 2600 69.1 0 0z\"\/>\n\t<path class=\"elementor-shape-fill\" style=\"opacity:0.5\" d=\"M0 0L2600 0 2600 69.1 0 69.1z\"\/>\n\t<path class=\"elementor-shape-fill\" style=\"opacity:0.25\" d=\"M2600 0L0 0 0 130.1 2600 69.1z\"\/>\n<\/svg>\t\t<\/div>\n\t\t\t\t\t<div class=\"elementor-container elementor-column-gap-wide\">\n\t\t\t\t\t<div class=\"elementor-column elementor-col-100 elementor-top-column elementor-element elementor-element-144d4f9d\" data-id=\"144d4f9d\" data-element_type=\"column\">\n\t\t\t<div class=\"elementor-widget-wrap elementor-element-populated\">\n\t\t\t\t\t\t<section class=\"elementor-section elementor-inner-section elementor-element elementor-element-36e594e1 elementor-section-boxed elementor-section-height-default elementor-section-height-default\" data-id=\"36e594e1\" data-element_type=\"section\">\n\t\t\t\t\t\t<div class=\"elementor-container elementor-column-gap-default\">\n\t\t\t\t\t<div class=\"elementor-column elementor-col-100 elementor-inner-column elementor-element elementor-element-58fdb643\" data-id=\"58fdb643\" data-element_type=\"column\">\n\t\t\t<div class=\"elementor-widget-wrap elementor-element-populated\">\n\t\t\t\t\t\t<div class=\"elementor-element elementor-element-580d6c1f elementor-widget elementor-widget-spacer\" data-id=\"580d6c1f\" data-element_type=\"widget\" data-widget_type=\"spacer.default\">\n\t\t\t\t<div class=\"elementor-widget-container\">\n\t\t\t\t\t\t\t<div class=\"elementor-spacer\">\n\t\t\t<div class=\"elementor-spacer-inner\"><\/div>\n\t\t<\/div>\n\t\t\t\t\t\t<\/div>\n\t\t\t\t<\/div>\n\t\t\t\t\t<\/div>\n\t\t<\/div>\n\t\t\t\t\t<\/div>\n\t\t<\/section>\n\t\t\t\t\t<\/div>\n\t\t<\/div>\n\t\t\t\t\t<\/div>\n\t\t<\/section>\n\t\t\t\t<\/div>\n\t\t","protected":false},"excerpt":{"rendered":"<p>UBEZPIECZENIE Ubezpieczenie zawodowe cz\u0142onki\u0144 i cz\u0142onk\u00f3w Polskiego Stowarzyszenia Terapeut\u00f3w Terapii Skoncentrowanej na Rozwi\u0105zaniach Kieruj\u0105c si\u0119 trosk\u0105 i ch\u0119ci\u0105 wsparcia cz\u0142onki\u0144 i cz\u0142onk\u00f3w naszego Stowarzyszenia, z rado\u015bci\u0105 i dum\u0105 informujemy, \u017ce nawi\u0105zali\u015bmy wsp\u00f3\u0142prac\u0119 z towarzystwem ubezpieczeniowym Ergo Hestia! W efekcie zawi\u0105zanej wsp\u00f3\u0142pracy powsta\u0142 program ubezpieczenia zawodowego dla cz\u0142onki\u0144 i cz\u0142onk\u00f3w Polskiego Stowarzyszenia Terapeut\u00f3w Terapii Skoncentrowanej na [&hellip;]<\/p>\n","protected":false},"author":1,"featured_media":0,"parent":0,"menu_order":0,"comment_status":"closed","ping_status":"closed","template":"","meta":{"ocean_post_layout":"full-screen","ocean_both_sidebars_style":"","ocean_both_sidebars_content_width":0,"ocean_both_sidebars_sidebars_width":0,"ocean_sidebar":"","ocean_second_sidebar":"","ocean_disable_margins":"enable","ocean_add_body_class":"","ocean_shortcode_before_top_bar":"","ocean_shortcode_after_top_bar":"","ocean_shortcode_before_header":"","ocean_shortcode_after_header":"","ocean_has_shortcode":"","ocean_shortcode_after_title":"","ocean_shortcode_before_footer_widgets":"","ocean_shortcode_after_footer_widgets":"","ocean_shortcode_before_footer_bottom":"","ocean_shortcode_after_footer_bottom":"","ocean_display_top_bar":"off","ocean_display_header":"on","ocean_header_style":"","ocean_center_header_left_menu":"","ocean_custom_header_template":"","ocean_custom_logo":0,"ocean_custom_retina_logo":0,"ocean_custom_logo_max_width":0,"ocean_custom_logo_tablet_max_width":0,"ocean_custom_logo_mobile_max_width":0,"ocean_custom_logo_max_height":0,"ocean_custom_logo_tablet_max_height":0,"ocean_custom_logo_mobile_max_height":0,"ocean_header_custom_menu":"","ocean_menu_typo_font_family":"","ocean_menu_typo_font_subset":"","ocean_menu_typo_font_size":0,"ocean_menu_typo_font_size_tablet":0,"ocean_menu_typo_font_size_mobile":0,"ocean_menu_typo_font_size_unit":"px","ocean_menu_typo_font_weight":"","ocean_menu_typo_font_weight_tablet":"","ocean_menu_typo_font_weight_mobile":"","ocean_menu_typo_transform":"","ocean_menu_typo_transform_tablet":"","ocean_menu_typo_transform_mobile":"","ocean_menu_typo_line_height":0,"ocean_menu_typo_line_height_tablet":0,"ocean_menu_typo_line_height_mobile":0,"ocean_menu_typo_line_height_unit":"","ocean_menu_typo_spacing":0,"ocean_menu_typo_spacing_tablet":0,"ocean_menu_typo_spacing_mobile":0,"ocean_menu_typo_spacing_unit":"","ocean_menu_link_color":"","ocean_menu_link_color_hover":"","ocean_menu_link_color_active":"","ocean_menu_link_background":"","ocean_menu_link_hover_background":"","ocean_menu_link_active_background":"","ocean_menu_social_links_bg":"","ocean_menu_social_hover_links_bg":"","ocean_menu_social_links_color":"","ocean_menu_social_hover_links_color":"","ocean_disable_title":"on","ocean_disable_heading":"default","ocean_post_title":"","ocean_post_subheading":"","ocean_post_title_style":"","ocean_post_title_background_color":"","ocean_post_title_background":0,"ocean_post_title_bg_image_position":"","ocean_post_title_bg_image_attachment":"","ocean_post_title_bg_image_repeat":"","ocean_post_title_bg_image_size":"","ocean_post_title_height":0,"ocean_post_title_bg_overlay":0.5,"ocean_post_title_bg_overlay_color":"","ocean_disable_breadcrumbs":"default","ocean_breadcrumbs_color":"","ocean_breadcrumbs_separator_color":"","ocean_breadcrumbs_links_color":"","ocean_breadcrumbs_links_hover_color":"","ocean_display_footer_widgets":"default","ocean_display_footer_bottom":"default","ocean_custom_footer_template":"","footnotes":""},"class_list":["post-4790","page","type-page","status-publish","hentry","entry"],"yoast_head":"<!-- This site is optimized with the Yoast SEO plugin v26.7 - https:\/\/yoast.com\/wordpress\/plugins\/seo\/ -->\n<title>UBEZPIECZENIE - PSTTSR<\/title>\n<meta name=\"robots\" content=\"index, follow, max-snippet:-1, max-image-preview:large, max-video-preview:-1\" \/>\n<link rel=\"canonical\" href=\"https:\/\/psttsr.pl\/?page_id=4790\" \/>\n<meta property=\"og:locale\" content=\"pl_PL\" \/>\n<meta property=\"og:type\" content=\"article\" \/>\n<meta property=\"og:title\" content=\"UBEZPIECZENIE - PSTTSR\" \/>\n<meta property=\"og:description\" content=\"UBEZPIECZENIE Ubezpieczenie zawodowe cz\u0142onki\u0144 i cz\u0142onk\u00f3w Polskiego Stowarzyszenia Terapeut\u00f3w Terapii Skoncentrowanej na Rozwi\u0105zaniach Kieruj\u0105c si\u0119 trosk\u0105 i ch\u0119ci\u0105 wsparcia cz\u0142onki\u0144 i cz\u0142onk\u00f3w naszego Stowarzyszenia, z rado\u015bci\u0105 i dum\u0105 informujemy, \u017ce nawi\u0105zali\u015bmy wsp\u00f3\u0142prac\u0119 z towarzystwem ubezpieczeniowym Ergo Hestia! W efekcie zawi\u0105zanej wsp\u00f3\u0142pracy powsta\u0142 program ubezpieczenia zawodowego dla cz\u0142onki\u0144 i cz\u0142onk\u00f3w Polskiego Stowarzyszenia Terapeut\u00f3w Terapii Skoncentrowanej na [&hellip;]\" \/>\n<meta property=\"og:url\" content=\"https:\/\/psttsr.pl\/?page_id=4790\" \/>\n<meta property=\"og:site_name\" content=\"PSTTSR\" \/>\n<meta property=\"article:modified_time\" content=\"2024-02-21T16:05:21+00:00\" \/>\n<meta name=\"twitter:card\" content=\"summary_large_image\" \/>\n<meta name=\"twitter:label1\" content=\"Szacowany czas czytania\" \/>\n\t<meta name=\"twitter:data1\" content=\"2 minuty\" \/>\n<script type=\"application\/ld+json\" class=\"yoast-schema-graph\">{\"@context\":\"https:\/\/schema.org\",\"@graph\":[{\"@type\":\"WebPage\",\"@id\":\"https:\/\/psttsr.pl\/?page_id=4790\",\"url\":\"https:\/\/psttsr.pl\/?page_id=4790\",\"name\":\"UBEZPIECZENIE - PSTTSR\",\"isPartOf\":{\"@id\":\"https:\/\/psttsr.pl\/#website\"},\"datePublished\":\"2023-12-10T19:07:09+00:00\",\"dateModified\":\"2024-02-21T16:05:21+00:00\",\"breadcrumb\":{\"@id\":\"https:\/\/psttsr.pl\/?page_id=4790#breadcrumb\"},\"inLanguage\":\"pl-PL\",\"potentialAction\":[{\"@type\":\"ReadAction\",\"target\":[\"https:\/\/psttsr.pl\/?page_id=4790\"]}]},{\"@type\":\"BreadcrumbList\",\"@id\":\"https:\/\/psttsr.pl\/?page_id=4790#breadcrumb\",\"itemListElement\":[{\"@type\":\"ListItem\",\"position\":1,\"name\":\"Strona g\u0142\u00f3wna\",\"item\":\"https:\/\/psttsr.pl\/\"},{\"@type\":\"ListItem\",\"position\":2,\"name\":\"UBEZPIECZENIE\"}]},{\"@type\":\"WebSite\",\"@id\":\"https:\/\/psttsr.pl\/#website\",\"url\":\"https:\/\/psttsr.pl\/\",\"name\":\"PSTTSR\",\"description\":\"Kolejna witryna oparta na WordPressie\",\"publisher\":{\"@id\":\"https:\/\/psttsr.pl\/#organization\"},\"potentialAction\":[{\"@type\":\"SearchAction\",\"target\":{\"@type\":\"EntryPoint\",\"urlTemplate\":\"https:\/\/psttsr.pl\/?s={search_term_string}\"},\"query-input\":{\"@type\":\"PropertyValueSpecification\",\"valueRequired\":true,\"valueName\":\"search_term_string\"}}],\"inLanguage\":\"pl-PL\"},{\"@type\":\"Organization\",\"@id\":\"https:\/\/psttsr.pl\/#organization\",\"name\":\"PSTTSR\",\"url\":\"https:\/\/psttsr.pl\/\",\"logo\":{\"@type\":\"ImageObject\",\"inLanguage\":\"pl-PL\",\"@id\":\"https:\/\/psttsr.pl\/#\/schema\/logo\/image\/\",\"url\":\"https:\/\/psttsr.pl\/wp-content\/uploads\/2021\/10\/cropped-logo.png\",\"contentUrl\":\"https:\/\/psttsr.pl\/wp-content\/uploads\/2021\/10\/cropped-logo.png\",\"width\":255,\"height\":137,\"caption\":\"PSTTSR\"},\"image\":{\"@id\":\"https:\/\/psttsr.pl\/#\/schema\/logo\/image\/\"}}]}<\/script>\n<!-- \/ Yoast SEO plugin. -->","yoast_head_json":{"title":"UBEZPIECZENIE - PSTTSR","robots":{"index":"index","follow":"follow","max-snippet":"max-snippet:-1","max-image-preview":"max-image-preview:large","max-video-preview":"max-video-preview:-1"},"canonical":"https:\/\/psttsr.pl\/?page_id=4790","og_locale":"pl_PL","og_type":"article","og_title":"UBEZPIECZENIE - PSTTSR","og_description":"UBEZPIECZENIE Ubezpieczenie zawodowe cz\u0142onki\u0144 i cz\u0142onk\u00f3w Polskiego Stowarzyszenia Terapeut\u00f3w Terapii Skoncentrowanej na Rozwi\u0105zaniach Kieruj\u0105c si\u0119 trosk\u0105 i ch\u0119ci\u0105 wsparcia cz\u0142onki\u0144 i cz\u0142onk\u00f3w naszego Stowarzyszenia, z rado\u015bci\u0105 i dum\u0105 informujemy, \u017ce nawi\u0105zali\u015bmy wsp\u00f3\u0142prac\u0119 z towarzystwem ubezpieczeniowym Ergo Hestia! W efekcie zawi\u0105zanej wsp\u00f3\u0142pracy powsta\u0142 program ubezpieczenia zawodowego dla cz\u0142onki\u0144 i cz\u0142onk\u00f3w Polskiego Stowarzyszenia Terapeut\u00f3w Terapii Skoncentrowanej na [&hellip;]","og_url":"https:\/\/psttsr.pl\/?page_id=4790","og_site_name":"PSTTSR","article_modified_time":"2024-02-21T16:05:21+00:00","twitter_card":"summary_large_image","twitter_misc":{"Szacowany czas czytania":"2 minuty"},"schema":{"@context":"https:\/\/schema.org","@graph":[{"@type":"WebPage","@id":"https:\/\/psttsr.pl\/?page_id=4790","url":"https:\/\/psttsr.pl\/?page_id=4790","name":"UBEZPIECZENIE - PSTTSR","isPartOf":{"@id":"https:\/\/psttsr.pl\/#website"},"datePublished":"2023-12-10T19:07:09+00:00","dateModified":"2024-02-21T16:05:21+00:00","breadcrumb":{"@id":"https:\/\/psttsr.pl\/?page_id=4790#breadcrumb"},"inLanguage":"pl-PL","potentialAction":[{"@type":"ReadAction","target":["https:\/\/psttsr.pl\/?page_id=4790"]}]},{"@type":"BreadcrumbList","@id":"https:\/\/psttsr.pl\/?page_id=4790#breadcrumb","itemListElement":[{"@type":"ListItem","position":1,"name":"Strona g\u0142\u00f3wna","item":"https:\/\/psttsr.pl\/"},{"@type":"ListItem","position":2,"name":"UBEZPIECZENIE"}]},{"@type":"WebSite","@id":"https:\/\/psttsr.pl\/#website","url":"https:\/\/psttsr.pl\/","name":"PSTTSR","description":"Kolejna witryna oparta na WordPressie","publisher":{"@id":"https:\/\/psttsr.pl\/#organization"},"potentialAction":[{"@type":"SearchAction","target":{"@type":"EntryPoint","urlTemplate":"https:\/\/psttsr.pl\/?s={search_term_string}"},"query-input":{"@type":"PropertyValueSpecification","valueRequired":true,"valueName":"search_term_string"}}],"inLanguage":"pl-PL"},{"@type":"Organization","@id":"https:\/\/psttsr.pl\/#organization","name":"PSTTSR","url":"https:\/\/psttsr.pl\/","logo":{"@type":"ImageObject","inLanguage":"pl-PL","@id":"https:\/\/psttsr.pl\/#\/schema\/logo\/image\/","url":"https:\/\/psttsr.pl\/wp-content\/uploads\/2021\/10\/cropped-logo.png","contentUrl":"https:\/\/psttsr.pl\/wp-content\/uploads\/2021\/10\/cropped-logo.png","width":255,"height":137,"caption":"PSTTSR"},"image":{"@id":"https:\/\/psttsr.pl\/#\/schema\/logo\/image\/"}}]}},"_links":{"self":[{"href":"https:\/\/psttsr.pl\/index.php?rest_route=\/wp\/v2\/pages\/4790","targetHints":{"allow":["GET"]}}],"collection":[{"href":"https:\/\/psttsr.pl\/index.php?rest_route=\/wp\/v2\/pages"}],"about":[{"href":"https:\/\/psttsr.pl\/index.php?rest_route=\/wp\/v2\/types\/page"}],"author":[{"embeddable":true,"href":"https:\/\/psttsr.pl\/index.php?rest_route=\/wp\/v2\/users\/1"}],"replies":[{"embeddable":true,"href":"https:\/\/psttsr.pl\/index.php?rest_route=%2Fwp%2Fv2%2Fcomments&post=4790"}],"version-history":[{"count":0,"href":"https:\/\/psttsr.pl\/index.php?rest_route=\/wp\/v2\/pages\/4790\/revisions"}],"wp:attachment":[{"href":"https:\/\/psttsr.pl\/index.php?rest_route=%2Fwp%2Fv2%2Fmedia&parent=4790"}],"curies":[{"name":"wp","href":"https:\/\/api.w.org\/{rel}","templated":true}]}}