{"id":3662,"date":"2022-11-28T11:40:46","date_gmt":"2022-11-28T10:40:46","guid":{"rendered":"https:\/\/psttsr.pl\/?page_id=3662"},"modified":"2024-08-06T10:40:49","modified_gmt":"2024-08-06T08:40:49","slug":"skladki-czlonkowskie","status":"publish","type":"page","link":"https:\/\/psttsr.pl\/?page_id=3662","title":{"rendered":"SK\u0141ADKI CZ\u0141ONKOWSKIE"},"content":{"rendered":"\t\t<div data-elementor-type=\"wp-page\" data-elementor-id=\"3662\" class=\"elementor elementor-3662\">\n\t\t\t\t\t\t<section class=\"elementor-section elementor-top-section elementor-element elementor-element-307dad4d elementor-section-full_width elementor-section-height-min-height elementor-section-height-default elementor-section-items-middle\" data-id=\"307dad4d\" data-element_type=\"section\" data-settings=\"{&quot;background_background&quot;:&quot;classic&quot;,&quot;shape_divider_top&quot;:&quot;opacity-tilt&quot;,&quot;shape_divider_bottom&quot;:&quot;opacity-tilt&quot;}\">\n\t\t\t\t\t\t\t<div class=\"elementor-background-overlay\"><\/div>\n\t\t\t\t\t\t<div class=\"elementor-shape elementor-shape-top\" aria-hidden=\"true\" data-negative=\"false\">\n\t\t\t<svg xmlns=\"http:\/\/www.w3.org\/2000\/svg\" viewBox=\"0 0 2600 131.1\" preserveAspectRatio=\"none\">\n\t<path class=\"elementor-shape-fill\" d=\"M0 0L2600 0 2600 69.1 0 0z\"\/>\n\t<path class=\"elementor-shape-fill\" style=\"opacity:0.5\" d=\"M0 0L2600 0 2600 69.1 0 69.1z\"\/>\n\t<path class=\"elementor-shape-fill\" style=\"opacity:0.25\" d=\"M2600 0L0 0 0 130.1 2600 69.1z\"\/>\n<\/svg>\t\t<\/div>\n\t\t\t\t<div class=\"elementor-shape elementor-shape-bottom\" aria-hidden=\"true\" data-negative=\"false\">\n\t\t\t<svg xmlns=\"http:\/\/www.w3.org\/2000\/svg\" viewBox=\"0 0 2600 131.1\" preserveAspectRatio=\"none\">\n\t<path class=\"elementor-shape-fill\" d=\"M0 0L2600 0 2600 69.1 0 0z\"\/>\n\t<path class=\"elementor-shape-fill\" style=\"opacity:0.5\" d=\"M0 0L2600 0 2600 69.1 0 69.1z\"\/>\n\t<path class=\"elementor-shape-fill\" style=\"opacity:0.25\" d=\"M2600 0L0 0 0 130.1 2600 69.1z\"\/>\n<\/svg>\t\t<\/div>\n\t\t\t\t\t<div class=\"elementor-container elementor-column-gap-wide\">\n\t\t\t\t\t<div class=\"elementor-column elementor-col-100 elementor-top-column elementor-element elementor-element-1b70b839\" data-id=\"1b70b839\" data-element_type=\"column\">\n\t\t\t<div class=\"elementor-widget-wrap elementor-element-populated\">\n\t\t\t\t\t\t<div class=\"elementor-element elementor-element-4120c67f elementor-widget elementor-widget-heading\" data-id=\"4120c67f\" data-element_type=\"widget\" data-widget_type=\"heading.default\">\n\t\t\t\t<div class=\"elementor-widget-container\">\n\t\t\t\t\t<h2 class=\"elementor-heading-title elementor-size-default\">SK\u0141ADKI CZ\u0141ONKOWSKIE<\/h2>\t\t\t\t<\/div>\n\t\t\t\t<\/div>\n\t\t\t\t\t<\/div>\n\t\t<\/div>\n\t\t\t\t\t<\/div>\n\t\t<\/section>\n\t\t\t\t<section class=\"elementor-section elementor-top-section elementor-element elementor-element-15517ab7 elementor-section-full_width elementor-section-height-default elementor-section-height-default\" data-id=\"15517ab7\" data-element_type=\"section\" data-settings=\"{&quot;background_background&quot;:&quot;classic&quot;}\">\n\t\t\t\t\t\t<div class=\"elementor-container elementor-column-gap-wide\">\n\t\t\t\t\t<div class=\"elementor-column elementor-col-100 elementor-top-column elementor-element elementor-element-651a78da\" data-id=\"651a78da\" data-element_type=\"column\">\n\t\t\t<div class=\"elementor-widget-wrap elementor-element-populated\">\n\t\t\t\t\t\t<section class=\"elementor-section elementor-inner-section elementor-element elementor-element-6921be25 elementor-section-boxed elementor-section-height-default elementor-section-height-default\" data-id=\"6921be25\" data-element_type=\"section\">\n\t\t\t\t\t\t<div class=\"elementor-container elementor-column-gap-default\">\n\t\t\t\t\t<div class=\"elementor-column elementor-col-100 elementor-inner-column elementor-element elementor-element-6daeebfe\" data-id=\"6daeebfe\" data-element_type=\"column\">\n\t\t\t<div class=\"elementor-widget-wrap elementor-element-populated\">\n\t\t\t\t\t\t<div class=\"elementor-element elementor-element-79de3393 elementor-widget elementor-widget-text-editor\" data-id=\"79de3393\" data-element_type=\"widget\" data-widget_type=\"text-editor.default\">\n\t\t\t\t<div class=\"elementor-widget-container\">\n\t\t\t\t\t\t\t\t\t<p>Sk\u0142adka cz\u0142onkowska w roku 2024 wynosi 50z\u0142 na rok. <b>Od 2025 roku sk\u0142adka cz\u0142onkowska wynosi 200z\u0142\/rok.<\/b><\/p><p><span style=\"font-size: 16px; font-style: normal; font-variant-caps: normal; text-align: start;\">Od 1 stycznia 2024 roku, prosimy o dokonywanie op\u0142at przez system SORGA.\u00a0<\/span><span style=\"font-size: 16px; font-style: normal; font-variant-caps: normal; text-align: start;\">Tam automatycznie b\u0119d\u0105 si\u0119 one ksi\u0119gowa\u0142y i zapisywa\u0142y w Waszych systemowych profilach.\u00a0<\/span><span style=\"font-size: 16px; font-style: normal; font-variant-caps: normal; text-align: start;\">S\u0105 tam tak\u017ce uwzgl\u0119dnione Wasze dotychczasowe sk\u0142adki i ewentualne zaleg\u0142o\u015bci.\u00a0<\/span><\/p>\t\t\t\t\t\t\t\t<\/div>\n\t\t\t\t<\/div>\n\t\t\t\t<div class=\"elementor-element elementor-element-edc29af elementor-align-center elementor-widget elementor-widget-button\" data-id=\"edc29af\" data-element_type=\"widget\" data-widget_type=\"button.default\">\n\t\t\t\t<div class=\"elementor-widget-container\">\n\t\t\t\t\t\t\t\t\t<div class=\"elementor-button-wrapper\">\n\t\t\t\t\t<a class=\"elementor-button elementor-button-link elementor-size-sm elementor-animation-shrink\" href=\"https:\/\/psttsr.sorga.pl\">\n\t\t\t\t\t\t<span class=\"elementor-button-content-wrapper\">\n\t\t\t\t\t\t\t\t\t<span class=\"elementor-button-text\">Op\u0142a\u0107 sk\u0142adk\u0119 przez system SORGA<\/span>\n\t\t\t\t\t<\/span>\n\t\t\t\t\t<\/a>\n\t\t\t\t<\/div>\n\t\t\t\t\t\t\t\t<\/div>\n\t\t\t\t<\/div>\n\t\t\t\t<div class=\"elementor-element elementor-element-aabacea elementor-widget elementor-widget-text-editor\" data-id=\"aabacea\" data-element_type=\"widget\" data-widget_type=\"text-editor.default\">\n\t\t\t\t<div class=\"elementor-widget-container\">\n\t\t\t\t\t\t\t\t\t<p><span style=\"font-size: 16px;\">Zgodnie ze Statutem Stowarzyszenia, sk\u0142adki cz\u0142onkowskie\u00a0powinny by\u0107 wp\u0142acane do ko\u0144ca I kwarta\u0142u ka\u017cdego roku. Nowo przyj\u0119ty Cz\u0142onek\u00a0wp\u0142aca sk\u0142adki w ci\u0105gu dw\u00f3ch tygodni od otrzymania powiadomienia o przyj\u0119ciu na\u00a0Cz\u0142onka zwyczajnego Stowarzyszenia, za rok, w kt\u00f3rym zosta\u0142 przyj\u0119ty w poczet Cz\u0142onk\u00f3w (dotyczy to r\u00f3wnie\u017c os\u00f3b aplikuj\u0105cych do Stowarzyszenia w grudniu). Prosimy o nieprzesy\u0142anie potwierdzenia o op\u0142aceniu sk\u0142adki.<\/span><\/p><p>Zarz\u0105d regularnie przypomina o op\u0142acie za zaleg\u0142e sk\u0142adki cz\u0142onkowskie. Jednocze\u015bnie informujemy, \u017ce zgodnie ze Statutem nieusprawiedliwione zaleganie z op\u0142at\u0105 sk\u0142adek cz\u0142onkowskich przez okres przekraczaj\u0105cy sze\u015b\u0107 miesi\u0119cy mo\u017ce skutkowa\u0107 wykluczeniem ze Stowarzyszenia.<\/p><p>Sk\u0142adki cz\u0142onkowskie nie stanowi\u0105 obrotu. Nie maj\u0105 do nich\u00a0zastosowania przepisy ustawy o podatku od towar\u00f3w i us\u0142ug w zwi\u0105zku z czym ich\u00a0pobieranie nie jest dokumentowane fakturami.<\/p>\t\t\t\t\t\t\t\t<\/div>\n\t\t\t\t<\/div>\n\t\t\t\t\t<\/div>\n\t\t<\/div>\n\t\t\t\t\t<\/div>\n\t\t<\/section>\n\t\t\t\t\t<\/div>\n\t\t<\/div>\n\t\t\t\t\t<\/div>\n\t\t<\/section>\n\t\t\t\t<section class=\"elementor-section elementor-top-section elementor-element elementor-element-124cbc13 elementor-section-full_width elementor-section-height-default elementor-section-height-default\" data-id=\"124cbc13\" data-element_type=\"section\" data-settings=\"{&quot;background_background&quot;:&quot;classic&quot;,&quot;shape_divider_top&quot;:&quot;opacity-tilt&quot;,&quot;shape_divider_bottom&quot;:&quot;opacity-tilt&quot;}\">\n\t\t\t\t\t\t\t<div class=\"elementor-background-overlay\"><\/div>\n\t\t\t\t\t\t<div class=\"elementor-shape elementor-shape-top\" aria-hidden=\"true\" data-negative=\"false\">\n\t\t\t<svg xmlns=\"http:\/\/www.w3.org\/2000\/svg\" viewBox=\"0 0 2600 131.1\" preserveAspectRatio=\"none\">\n\t<path class=\"elementor-shape-fill\" d=\"M0 0L2600 0 2600 69.1 0 0z\"\/>\n\t<path class=\"elementor-shape-fill\" style=\"opacity:0.5\" d=\"M0 0L2600 0 2600 69.1 0 69.1z\"\/>\n\t<path class=\"elementor-shape-fill\" style=\"opacity:0.25\" d=\"M2600 0L0 0 0 130.1 2600 69.1z\"\/>\n<\/svg>\t\t<\/div>\n\t\t\t\t<div class=\"elementor-shape elementor-shape-bottom\" aria-hidden=\"true\" data-negative=\"false\">\n\t\t\t<svg xmlns=\"http:\/\/www.w3.org\/2000\/svg\" viewBox=\"0 0 2600 131.1\" preserveAspectRatio=\"none\">\n\t<path class=\"elementor-shape-fill\" d=\"M0 0L2600 0 2600 69.1 0 0z\"\/>\n\t<path class=\"elementor-shape-fill\" style=\"opacity:0.5\" d=\"M0 0L2600 0 2600 69.1 0 69.1z\"\/>\n\t<path class=\"elementor-shape-fill\" style=\"opacity:0.25\" d=\"M2600 0L0 0 0 130.1 2600 69.1z\"\/>\n<\/svg>\t\t<\/div>\n\t\t\t\t\t<div class=\"elementor-container elementor-column-gap-wide\">\n\t\t\t\t\t<div class=\"elementor-column elementor-col-100 elementor-top-column elementor-element elementor-element-769425dc\" data-id=\"769425dc\" data-element_type=\"column\">\n\t\t\t<div class=\"elementor-widget-wrap elementor-element-populated\">\n\t\t\t\t\t\t<section class=\"elementor-section elementor-inner-section elementor-element elementor-element-15cf9eb elementor-section-boxed elementor-section-height-default elementor-section-height-default\" data-id=\"15cf9eb\" data-element_type=\"section\">\n\t\t\t\t\t\t<div class=\"elementor-container elementor-column-gap-default\">\n\t\t\t\t\t<div class=\"elementor-column elementor-col-100 elementor-inner-column elementor-element elementor-element-7508b0f5\" data-id=\"7508b0f5\" data-element_type=\"column\">\n\t\t\t<div class=\"elementor-widget-wrap elementor-element-populated\">\n\t\t\t\t\t\t<div class=\"elementor-element elementor-element-5be06549 elementor-widget elementor-widget-spacer\" data-id=\"5be06549\" data-element_type=\"widget\" data-widget_type=\"spacer.default\">\n\t\t\t\t<div class=\"elementor-widget-container\">\n\t\t\t\t\t\t\t<div class=\"elementor-spacer\">\n\t\t\t<div class=\"elementor-spacer-inner\"><\/div>\n\t\t<\/div>\n\t\t\t\t\t\t<\/div>\n\t\t\t\t<\/div>\n\t\t\t\t\t<\/div>\n\t\t<\/div>\n\t\t\t\t\t<\/div>\n\t\t<\/section>\n\t\t\t\t\t<\/div>\n\t\t<\/div>\n\t\t\t\t\t<\/div>\n\t\t<\/section>\n\t\t\t\t<\/div>\n\t\t","protected":false},"excerpt":{"rendered":"<p>SK\u0141ADKI CZ\u0141ONKOWSKIE Sk\u0142adka cz\u0142onkowska w roku 2024 wynosi 50z\u0142 na rok. Od 2025 roku sk\u0142adka cz\u0142onkowska wynosi 200z\u0142\/rok. Od 1 stycznia 2024 roku, prosimy o dokonywanie op\u0142at przez system SORGA.\u00a0Tam automatycznie b\u0119d\u0105 si\u0119 one ksi\u0119gowa\u0142y i zapisywa\u0142y w Waszych systemowych profilach.\u00a0S\u0105 tam tak\u017ce uwzgl\u0119dnione Wasze dotychczasowe sk\u0142adki i ewentualne zaleg\u0142o\u015bci.\u00a0 Op\u0142a\u0107 sk\u0142adk\u0119 przez system SORGA [&hellip;]<\/p>\n","protected":false},"author":1,"featured_media":0,"parent":0,"menu_order":0,"comment_status":"closed","ping_status":"closed","template":"","meta":{"ocean_post_layout":"full-screen","ocean_both_sidebars_style":"","ocean_both_sidebars_content_width":0,"ocean_both_sidebars_sidebars_width":0,"ocean_sidebar":"0","ocean_second_sidebar":"0","ocean_disable_margins":"enable","ocean_add_body_class":"","ocean_shortcode_before_top_bar":"","ocean_shortcode_after_top_bar":"","ocean_shortcode_before_header":"","ocean_shortcode_after_header":"","ocean_has_shortcode":"","ocean_shortcode_after_title":"","ocean_shortcode_before_footer_widgets":"","ocean_shortcode_after_footer_widgets":"","ocean_shortcode_before_footer_bottom":"","ocean_shortcode_after_footer_bottom":"","ocean_display_top_bar":"off","ocean_display_header":"on","ocean_header_style":"","ocean_center_header_left_menu":"0","ocean_custom_header_template":"0","ocean_custom_logo":0,"ocean_custom_retina_logo":0,"ocean_custom_logo_max_width":0,"ocean_custom_logo_tablet_max_width":0,"ocean_custom_logo_mobile_max_width":0,"ocean_custom_logo_max_height":0,"ocean_custom_logo_tablet_max_height":0,"ocean_custom_logo_mobile_max_height":0,"ocean_header_custom_menu":"0","ocean_menu_typo_font_family":"0","ocean_menu_typo_font_subset":"","ocean_menu_typo_font_size":0,"ocean_menu_typo_font_size_tablet":0,"ocean_menu_typo_font_size_mobile":0,"ocean_menu_typo_font_size_unit":"px","ocean_menu_typo_font_weight":"","ocean_menu_typo_font_weight_tablet":"","ocean_menu_typo_font_weight_mobile":"","ocean_menu_typo_transform":"","ocean_menu_typo_transform_tablet":"","ocean_menu_typo_transform_mobile":"","ocean_menu_typo_line_height":0,"ocean_menu_typo_line_height_tablet":0,"ocean_menu_typo_line_height_mobile":0,"ocean_menu_typo_line_height_unit":"","ocean_menu_typo_spacing":0,"ocean_menu_typo_spacing_tablet":0,"ocean_menu_typo_spacing_mobile":0,"ocean_menu_typo_spacing_unit":"","ocean_menu_link_color":"","ocean_menu_link_color_hover":"","ocean_menu_link_color_active":"","ocean_menu_link_background":"","ocean_menu_link_hover_background":"","ocean_menu_link_active_background":"","ocean_menu_social_links_bg":"","ocean_menu_social_hover_links_bg":"","ocean_menu_social_links_color":"","ocean_menu_social_hover_links_color":"","ocean_disable_title":"on","ocean_disable_heading":"default","ocean_post_title":"","ocean_post_subheading":"","ocean_post_title_style":"","ocean_post_title_background_color":"","ocean_post_title_background":0,"ocean_post_title_bg_image_position":"","ocean_post_title_bg_image_attachment":"","ocean_post_title_bg_image_repeat":"","ocean_post_title_bg_image_size":"","ocean_post_title_height":0,"ocean_post_title_bg_overlay":0.5,"ocean_post_title_bg_overlay_color":"","ocean_disable_breadcrumbs":"default","ocean_breadcrumbs_color":"","ocean_breadcrumbs_separator_color":"","ocean_breadcrumbs_links_color":"","ocean_breadcrumbs_links_hover_color":"","ocean_display_footer_widgets":"default","ocean_display_footer_bottom":"default","ocean_custom_footer_template":"0","footnotes":""},"class_list":["post-3662","page","type-page","status-publish","hentry","entry"],"yoast_head":"<!-- This site is optimized with the Yoast SEO plugin v26.7 - https:\/\/yoast.com\/wordpress\/plugins\/seo\/ -->\n<title>SK\u0141ADKI CZ\u0141ONKOWSKIE - PSTTSR<\/title>\n<meta name=\"robots\" content=\"index, follow, max-snippet:-1, max-image-preview:large, max-video-preview:-1\" \/>\n<link rel=\"canonical\" href=\"https:\/\/psttsr.pl\/?page_id=3662\" \/>\n<meta property=\"og:locale\" content=\"pl_PL\" \/>\n<meta property=\"og:type\" content=\"article\" \/>\n<meta property=\"og:title\" content=\"SK\u0141ADKI CZ\u0141ONKOWSKIE - PSTTSR\" \/>\n<meta property=\"og:description\" content=\"SK\u0141ADKI CZ\u0141ONKOWSKIE Sk\u0142adka cz\u0142onkowska w roku 2024 wynosi 50z\u0142 na rok. Od 2025 roku sk\u0142adka cz\u0142onkowska wynosi 200z\u0142\/rok. Od 1 stycznia 2024 roku, prosimy o dokonywanie op\u0142at przez system SORGA.\u00a0Tam automatycznie b\u0119d\u0105 si\u0119 one ksi\u0119gowa\u0142y i zapisywa\u0142y w Waszych systemowych profilach.\u00a0S\u0105 tam tak\u017ce uwzgl\u0119dnione Wasze dotychczasowe sk\u0142adki i ewentualne zaleg\u0142o\u015bci.\u00a0 Op\u0142a\u0107 sk\u0142adk\u0119 przez system SORGA [&hellip;]\" \/>\n<meta property=\"og:url\" content=\"https:\/\/psttsr.pl\/?page_id=3662\" \/>\n<meta property=\"og:site_name\" content=\"PSTTSR\" \/>\n<meta property=\"article:modified_time\" content=\"2024-08-06T08:40:49+00:00\" \/>\n<meta name=\"twitter:card\" content=\"summary_large_image\" \/>\n<meta name=\"twitter:label1\" content=\"Szacowany czas czytania\" \/>\n\t<meta name=\"twitter:data1\" content=\"2 minuty\" \/>\n<script type=\"application\/ld+json\" class=\"yoast-schema-graph\">{\"@context\":\"https:\/\/schema.org\",\"@graph\":[{\"@type\":\"WebPage\",\"@id\":\"https:\/\/psttsr.pl\/?page_id=3662\",\"url\":\"https:\/\/psttsr.pl\/?page_id=3662\",\"name\":\"SK\u0141ADKI CZ\u0141ONKOWSKIE - PSTTSR\",\"isPartOf\":{\"@id\":\"https:\/\/psttsr.pl\/#website\"},\"datePublished\":\"2022-11-28T10:40:46+00:00\",\"dateModified\":\"2024-08-06T08:40:49+00:00\",\"breadcrumb\":{\"@id\":\"https:\/\/psttsr.pl\/?page_id=3662#breadcrumb\"},\"inLanguage\":\"pl-PL\",\"potentialAction\":[{\"@type\":\"ReadAction\",\"target\":[\"https:\/\/psttsr.pl\/?page_id=3662\"]}]},{\"@type\":\"BreadcrumbList\",\"@id\":\"https:\/\/psttsr.pl\/?page_id=3662#breadcrumb\",\"itemListElement\":[{\"@type\":\"ListItem\",\"position\":1,\"name\":\"Strona g\u0142\u00f3wna\",\"item\":\"https:\/\/psttsr.pl\/\"},{\"@type\":\"ListItem\",\"position\":2,\"name\":\"SK\u0141ADKI CZ\u0141ONKOWSKIE\"}]},{\"@type\":\"WebSite\",\"@id\":\"https:\/\/psttsr.pl\/#website\",\"url\":\"https:\/\/psttsr.pl\/\",\"name\":\"PSTTSR\",\"description\":\"Kolejna witryna oparta na WordPressie\",\"publisher\":{\"@id\":\"https:\/\/psttsr.pl\/#organization\"},\"potentialAction\":[{\"@type\":\"SearchAction\",\"target\":{\"@type\":\"EntryPoint\",\"urlTemplate\":\"https:\/\/psttsr.pl\/?s={search_term_string}\"},\"query-input\":{\"@type\":\"PropertyValueSpecification\",\"valueRequired\":true,\"valueName\":\"search_term_string\"}}],\"inLanguage\":\"pl-PL\"},{\"@type\":\"Organization\",\"@id\":\"https:\/\/psttsr.pl\/#organization\",\"name\":\"PSTTSR\",\"url\":\"https:\/\/psttsr.pl\/\",\"logo\":{\"@type\":\"ImageObject\",\"inLanguage\":\"pl-PL\",\"@id\":\"https:\/\/psttsr.pl\/#\/schema\/logo\/image\/\",\"url\":\"https:\/\/psttsr.pl\/wp-content\/uploads\/2021\/10\/cropped-logo.png\",\"contentUrl\":\"https:\/\/psttsr.pl\/wp-content\/uploads\/2021\/10\/cropped-logo.png\",\"width\":255,\"height\":137,\"caption\":\"PSTTSR\"},\"image\":{\"@id\":\"https:\/\/psttsr.pl\/#\/schema\/logo\/image\/\"}}]}<\/script>\n<!-- \/ Yoast SEO plugin. -->","yoast_head_json":{"title":"SK\u0141ADKI CZ\u0141ONKOWSKIE - PSTTSR","robots":{"index":"index","follow":"follow","max-snippet":"max-snippet:-1","max-image-preview":"max-image-preview:large","max-video-preview":"max-video-preview:-1"},"canonical":"https:\/\/psttsr.pl\/?page_id=3662","og_locale":"pl_PL","og_type":"article","og_title":"SK\u0141ADKI CZ\u0141ONKOWSKIE - PSTTSR","og_description":"SK\u0141ADKI CZ\u0141ONKOWSKIE Sk\u0142adka cz\u0142onkowska w roku 2024 wynosi 50z\u0142 na rok. Od 2025 roku sk\u0142adka cz\u0142onkowska wynosi 200z\u0142\/rok. Od 1 stycznia 2024 roku, prosimy o dokonywanie op\u0142at przez system SORGA.\u00a0Tam automatycznie b\u0119d\u0105 si\u0119 one ksi\u0119gowa\u0142y i zapisywa\u0142y w Waszych systemowych profilach.\u00a0S\u0105 tam tak\u017ce uwzgl\u0119dnione Wasze dotychczasowe sk\u0142adki i ewentualne zaleg\u0142o\u015bci.\u00a0 Op\u0142a\u0107 sk\u0142adk\u0119 przez system SORGA [&hellip;]","og_url":"https:\/\/psttsr.pl\/?page_id=3662","og_site_name":"PSTTSR","article_modified_time":"2024-08-06T08:40:49+00:00","twitter_card":"summary_large_image","twitter_misc":{"Szacowany czas czytania":"2 minuty"},"schema":{"@context":"https:\/\/schema.org","@graph":[{"@type":"WebPage","@id":"https:\/\/psttsr.pl\/?page_id=3662","url":"https:\/\/psttsr.pl\/?page_id=3662","name":"SK\u0141ADKI CZ\u0141ONKOWSKIE - PSTTSR","isPartOf":{"@id":"https:\/\/psttsr.pl\/#website"},"datePublished":"2022-11-28T10:40:46+00:00","dateModified":"2024-08-06T08:40:49+00:00","breadcrumb":{"@id":"https:\/\/psttsr.pl\/?page_id=3662#breadcrumb"},"inLanguage":"pl-PL","potentialAction":[{"@type":"ReadAction","target":["https:\/\/psttsr.pl\/?page_id=3662"]}]},{"@type":"BreadcrumbList","@id":"https:\/\/psttsr.pl\/?page_id=3662#breadcrumb","itemListElement":[{"@type":"ListItem","position":1,"name":"Strona g\u0142\u00f3wna","item":"https:\/\/psttsr.pl\/"},{"@type":"ListItem","position":2,"name":"SK\u0141ADKI CZ\u0141ONKOWSKIE"}]},{"@type":"WebSite","@id":"https:\/\/psttsr.pl\/#website","url":"https:\/\/psttsr.pl\/","name":"PSTTSR","description":"Kolejna witryna oparta na WordPressie","publisher":{"@id":"https:\/\/psttsr.pl\/#organization"},"potentialAction":[{"@type":"SearchAction","target":{"@type":"EntryPoint","urlTemplate":"https:\/\/psttsr.pl\/?s={search_term_string}"},"query-input":{"@type":"PropertyValueSpecification","valueRequired":true,"valueName":"search_term_string"}}],"inLanguage":"pl-PL"},{"@type":"Organization","@id":"https:\/\/psttsr.pl\/#organization","name":"PSTTSR","url":"https:\/\/psttsr.pl\/","logo":{"@type":"ImageObject","inLanguage":"pl-PL","@id":"https:\/\/psttsr.pl\/#\/schema\/logo\/image\/","url":"https:\/\/psttsr.pl\/wp-content\/uploads\/2021\/10\/cropped-logo.png","contentUrl":"https:\/\/psttsr.pl\/wp-content\/uploads\/2021\/10\/cropped-logo.png","width":255,"height":137,"caption":"PSTTSR"},"image":{"@id":"https:\/\/psttsr.pl\/#\/schema\/logo\/image\/"}}]}},"_links":{"self":[{"href":"https:\/\/psttsr.pl\/index.php?rest_route=\/wp\/v2\/pages\/3662","targetHints":{"allow":["GET"]}}],"collection":[{"href":"https:\/\/psttsr.pl\/index.php?rest_route=\/wp\/v2\/pages"}],"about":[{"href":"https:\/\/psttsr.pl\/index.php?rest_route=\/wp\/v2\/types\/page"}],"author":[{"embeddable":true,"href":"https:\/\/psttsr.pl\/index.php?rest_route=\/wp\/v2\/users\/1"}],"replies":[{"embeddable":true,"href":"https:\/\/psttsr.pl\/index.php?rest_route=%2Fwp%2Fv2%2Fcomments&post=3662"}],"version-history":[{"count":0,"href":"https:\/\/psttsr.pl\/index.php?rest_route=\/wp\/v2\/pages\/3662\/revisions"}],"wp:attachment":[{"href":"https:\/\/psttsr.pl\/index.php?rest_route=%2Fwp%2Fv2%2Fmedia&parent=3662"}],"curies":[{"name":"wp","href":"https:\/\/api.w.org\/{rel}","templated":true}]}}